{"id":1009,"date":"2022-10-29T18:37:21","date_gmt":"2022-10-29T16:37:21","guid":{"rendered":"https:\/\/elansaintais.asso.fr\/?page_id=1009"},"modified":"2025-10-30T08:11:24","modified_gmt":"2025-10-30T07:11:24","slug":"pouvoir-ag","status":"publish","type":"page","link":"https:\/\/elansaintais.asso.fr\/blog\/pouvoir-ag\/","title":{"rendered":"Pouvoir AG"},"content":{"rendered":"\n<p>Le document PDF peut \u00eatre compl\u00e9t\u00e9 directement dans votre navigateur (FireFox; Edge; Safari pas de signature possible sous chrome) depuis votre ordinateur, <strong>imprim\u00e9<\/strong> <strong>enregistr\u00e9 au format PDF <\/strong>et envoy\u00e9 par mail \u00e0 : contact@elansaintais.asso.fr<\/p>\n\n\n\n<p>Vous pouvez \u00e9galement l&rsquo;imprimer, le compl\u00e9ter, le scanner et l&rsquo;envoyer par mail \u00e0 : contact@elansaintais.asso.fr<\/p>\n\n\n\n<p>Vous pouvez l&rsquo;imprimer, le compl\u00e9ter et le remettre \u00e0 la personne vous repr\u00e9sentant.<\/p>\n\n\n\n<div data-wp-interactive=\"core\/file\" class=\"wp-block-file\"><object data-wp-bind--hidden=\"!state.hasPdfPreview\" hidden class=\"wp-block-file__embed\" data=\"https:\/\/elansaintais.asso.fr\/blog\/wp-content\/uploads\/2025\/10\/Pouvoir-2025.pdf\" type=\"application\/pdf\" style=\"width:100%;height:600px\" aria-label=\"Contenu embarqu\u00e9 Pouvoir-2025.\"><\/object><a id=\"wp-block-file--media-83ce76b9-5632-4d48-a299-98b4e41f53a6\" href=\"https:\/\/elansaintais.asso.fr\/blog\/wp-content\/uploads\/2025\/10\/Pouvoir-2025.pdf\">Pouvoir-2025<\/a><\/div>\n","protected":false},"excerpt":{"rendered":"<p>Le document PDF peut \u00eatre compl\u00e9t\u00e9 directement dans votre navigateur (FireFox; Edge; Safari pas de signature possible sous chrome) depuis votre ordinateur, imprim\u00e9 enregistr\u00e9 au format PDF et envoy\u00e9 par mail \u00e0 : contact@elansaintais.asso.fr Vous pouvez \u00e9galement l&rsquo;imprimer, le compl\u00e9ter, le scanner et l&rsquo;envoyer par mail \u00e0 : contact@elansaintais.asso.fr Vous pouvez l&rsquo;imprimer, le compl\u00e9ter et [&hellip;]<\/p>\n","protected":false},"author":2,"featured_media":0,"parent":0,"menu_order":0,"comment_status":"closed","ping_status":"closed","template":"","meta":{"footnotes":""},"class_list":["post-1009","page","type-page","status-publish","hentry"],"_links":{"self":[{"href":"https:\/\/elansaintais.asso.fr\/blog\/wp-json\/wp\/v2\/pages\/1009","targetHints":{"allow":["GET"]}}],"collection":[{"href":"https:\/\/elansaintais.asso.fr\/blog\/wp-json\/wp\/v2\/pages"}],"about":[{"href":"https:\/\/elansaintais.asso.fr\/blog\/wp-json\/wp\/v2\/types\/page"}],"author":[{"embeddable":true,"href":"https:\/\/elansaintais.asso.fr\/blog\/wp-json\/wp\/v2\/users\/2"}],"replies":[{"embeddable":true,"href":"https:\/\/elansaintais.asso.fr\/blog\/wp-json\/wp\/v2\/comments?post=1009"}],"version-history":[{"count":7,"href":"https:\/\/elansaintais.asso.fr\/blog\/wp-json\/wp\/v2\/pages\/1009\/revisions"}],"predecessor-version":[{"id":3109,"href":"https:\/\/elansaintais.asso.fr\/blog\/wp-json\/wp\/v2\/pages\/1009\/revisions\/3109"}],"wp:attachment":[{"href":"https:\/\/elansaintais.asso.fr\/blog\/wp-json\/wp\/v2\/media?parent=1009"}],"curies":[{"name":"wp","href":"https:\/\/api.w.org\/{rel}","templated":true}]}}