{"id":101,"date":"2021-08-07T01:06:59","date_gmt":"2021-08-06T23:06:59","guid":{"rendered":"https:\/\/elansaintais.asso.fr\/?page_id=101"},"modified":"2025-10-09T08:25:48","modified_gmt":"2025-10-09T06:25:48","slug":"tarifs","status":"publish","type":"page","link":"https:\/\/elansaintais.asso.fr\/blog\/tarifs\/","title":{"rendered":"Tarifs"},"content":{"rendered":"\n<p>La tarification est mise en place pour :<\/p>\n\n\n\n<p>La\u00a0<strong>saison compl\u00e8te<\/strong>\u00a0du 01 septembre 2025 au 30 juin 2026 :\u00a0<strong>120<\/strong><strong>\u20ac<\/strong><\/p>\n\n\n\n<p>Le r\u00e8glement peut \u00eatre effectu\u00e9 avec les ch\u00e8ques vacances et les coupons sport ANCV ainsi que les bons de r\u00e9duction d\u2019hyper U de 3 euros ( 4 maxi par adh\u00e9sion ) compl\u00e9ment par ch\u00e8que ou esp\u00e8ces . Nous ne prenons pas les coupons \u00ab\u00a0UP- Sport &amp;loisirs\u00a0\u00bb<\/p>\n\n\n\n<p><br><strong>\u00e0 partir du 1<sup>er<\/sup>\u00a0janvier 2026\u00a0<\/strong>:\u00a0<strong>90\u20ac<\/strong><\/p>\n\n\n\n<p>Voir la page adh\u00e9sion<\/p>\n\n\n\n<p><strong>Toute cotisation vers\u00e9e ne peut faire l&rsquo;objet d&rsquo;une quelconque restitution par l&rsquo;association<\/strong><\/p>\n\n\n\n<p><\/p>\n","protected":false},"excerpt":{"rendered":"<p>La tarification est mise en place pour : La\u00a0saison compl\u00e8te\u00a0du 01 septembre 2025 au 30 juin 2026 :\u00a0120\u20ac Le r\u00e8glement peut \u00eatre effectu\u00e9 avec les ch\u00e8ques vacances et les coupons sport ANCV ainsi que les bons de r\u00e9duction d\u2019hyper U de 3 euros ( 4 maxi par adh\u00e9sion ) compl\u00e9ment par ch\u00e8que ou esp\u00e8ces . [&hellip;]<\/p>\n","protected":false},"author":2,"featured_media":0,"parent":0,"menu_order":0,"comment_status":"closed","ping_status":"closed","template":"","meta":{"footnotes":""},"class_list":["post-101","page","type-page","status-publish","hentry"],"_links":{"self":[{"href":"https:\/\/elansaintais.asso.fr\/blog\/wp-json\/wp\/v2\/pages\/101","targetHints":{"allow":["GET"]}}],"collection":[{"href":"https:\/\/elansaintais.asso.fr\/blog\/wp-json\/wp\/v2\/pages"}],"about":[{"href":"https:\/\/elansaintais.asso.fr\/blog\/wp-json\/wp\/v2\/types\/page"}],"author":[{"embeddable":true,"href":"https:\/\/elansaintais.asso.fr\/blog\/wp-json\/wp\/v2\/users\/2"}],"replies":[{"embeddable":true,"href":"https:\/\/elansaintais.asso.fr\/blog\/wp-json\/wp\/v2\/comments?post=101"}],"version-history":[{"count":9,"href":"https:\/\/elansaintais.asso.fr\/blog\/wp-json\/wp\/v2\/pages\/101\/revisions"}],"predecessor-version":[{"id":3040,"href":"https:\/\/elansaintais.asso.fr\/blog\/wp-json\/wp\/v2\/pages\/101\/revisions\/3040"}],"wp:attachment":[{"href":"https:\/\/elansaintais.asso.fr\/blog\/wp-json\/wp\/v2\/media?parent=101"}],"curies":[{"name":"wp","href":"https:\/\/api.w.org\/{rel}","templated":true}]}}