{"id":103,"date":"2021-08-07T01:08:01","date_gmt":"2021-08-06T23:08:01","guid":{"rendered":"https:\/\/elansaintais.asso.fr\/?page_id=103"},"modified":"2021-08-07T15:41:54","modified_gmt":"2021-08-07T13:41:54","slug":"total-body-zen","status":"publish","type":"page","link":"https:\/\/elansaintais.asso.fr\/blog\/total-body-zen\/","title":{"rendered":"Total Body Zen"},"content":{"rendered":"\n<p>Le TBZ, est une activit\u00e9 qui corrige la posture, soulage les tensions musculaires, articulaires et vert\u00e9brales&#8230;. en renfor\u00e7ant\u00a0les muscles profonds du corps notamment le dos et la sangle abdominale avec ballons pilates, \u00e9lastique, cercle magique&#8230;. Investissez dans un cercle magique et un ballon Paille que vous conserverez. Si vous voulez mieux ma\u00eetriser\u00a0votre corps et le travailler en toute conscience et en douceur, rejoignez nous.\u00a0<\/p>\n","protected":false},"excerpt":{"rendered":"<p>Le TBZ, est une activit\u00e9 qui corrige la posture, soulage les tensions musculaires, articulaires et vert\u00e9brales&#8230;. en renfor\u00e7ant\u00a0les muscles profonds du corps notamment le dos et la sangle abdominale avec ballons pilates, \u00e9lastique, cercle magique&#8230;. Investissez dans un cercle magique et un ballon Paille que vous conserverez. Si vous voulez mieux ma\u00eetriser\u00a0votre corps et le [&hellip;]<\/p>\n","protected":false},"author":2,"featured_media":0,"parent":0,"menu_order":0,"comment_status":"closed","ping_status":"closed","template":"","meta":{"footnotes":""},"class_list":["post-103","page","type-page","status-publish","hentry"],"_links":{"self":[{"href":"https:\/\/elansaintais.asso.fr\/blog\/wp-json\/wp\/v2\/pages\/103","targetHints":{"allow":["GET"]}}],"collection":[{"href":"https:\/\/elansaintais.asso.fr\/blog\/wp-json\/wp\/v2\/pages"}],"about":[{"href":"https:\/\/elansaintais.asso.fr\/blog\/wp-json\/wp\/v2\/types\/page"}],"author":[{"embeddable":true,"href":"https:\/\/elansaintais.asso.fr\/blog\/wp-json\/wp\/v2\/users\/2"}],"replies":[{"embeddable":true,"href":"https:\/\/elansaintais.asso.fr\/blog\/wp-json\/wp\/v2\/comments?post=103"}],"version-history":[{"count":0,"href":"https:\/\/elansaintais.asso.fr\/blog\/wp-json\/wp\/v2\/pages\/103\/revisions"}],"wp:attachment":[{"href":"https:\/\/elansaintais.asso.fr\/blog\/wp-json\/wp\/v2\/media?parent=103"}],"curies":[{"name":"wp","href":"https:\/\/api.w.org\/{rel}","templated":true}]}}