{"id":1678,"date":"2023-07-18T18:35:53","date_gmt":"2023-07-18T16:35:53","guid":{"rendered":"https:\/\/elansaintais.asso.fr\/?page_id=1678"},"modified":"2023-07-18T18:46:09","modified_gmt":"2023-07-18T16:46:09","slug":"cardio-fun","status":"publish","type":"page","link":"https:\/\/elansaintais.asso.fr\/blog\/cardio-fun\/","title":{"rendered":"cardio-fun"},"content":{"rendered":"\n<p>associant fitness et danse sur de la musique bien rythm\u00e9e. Il stimule la d\u00e9pense \u00e9nerg\u00e9tique, en sollicitant l\u2019ensemble des groupes musculaires, l\u2019adaptation cardiaque et le fonctionnement des muscles ventilatoires et il am\u00e9liore la coordination du mouvement et la condition physique g\u00e9n\u00e9rale, tout en s\u2019amusant. Une bonne dose d\u2019endorphines pour d\u00e9compresser apr\u00e8s une journ\u00e9e stressante\u00a0! accessible \u00e0 tout le monde<\/p>\n","protected":false},"excerpt":{"rendered":"<p>associant fitness et danse sur de la musique bien rythm\u00e9e. Il stimule la d\u00e9pense \u00e9nerg\u00e9tique, en sollicitant l\u2019ensemble des groupes musculaires, l\u2019adaptation cardiaque et le fonctionnement des muscles ventilatoires et il am\u00e9liore la coordination du mouvement et la condition physique g\u00e9n\u00e9rale, tout en s\u2019amusant. Une bonne dose d\u2019endorphines pour d\u00e9compresser apr\u00e8s une journ\u00e9e stressante\u00a0! accessible [&hellip;]<\/p>\n","protected":false},"author":4,"featured_media":0,"parent":0,"menu_order":0,"comment_status":"closed","ping_status":"closed","template":"","meta":{"footnotes":""},"class_list":["post-1678","page","type-page","status-publish","hentry"],"_links":{"self":[{"href":"https:\/\/elansaintais.asso.fr\/blog\/wp-json\/wp\/v2\/pages\/1678","targetHints":{"allow":["GET"]}}],"collection":[{"href":"https:\/\/elansaintais.asso.fr\/blog\/wp-json\/wp\/v2\/pages"}],"about":[{"href":"https:\/\/elansaintais.asso.fr\/blog\/wp-json\/wp\/v2\/types\/page"}],"author":[{"embeddable":true,"href":"https:\/\/elansaintais.asso.fr\/blog\/wp-json\/wp\/v2\/users\/4"}],"replies":[{"embeddable":true,"href":"https:\/\/elansaintais.asso.fr\/blog\/wp-json\/wp\/v2\/comments?post=1678"}],"version-history":[{"count":2,"href":"https:\/\/elansaintais.asso.fr\/blog\/wp-json\/wp\/v2\/pages\/1678\/revisions"}],"predecessor-version":[{"id":1682,"href":"https:\/\/elansaintais.asso.fr\/blog\/wp-json\/wp\/v2\/pages\/1678\/revisions\/1682"}],"wp:attachment":[{"href":"https:\/\/elansaintais.asso.fr\/blog\/wp-json\/wp\/v2\/media?parent=1678"}],"curies":[{"name":"wp","href":"https:\/\/api.w.org\/{rel}","templated":true}]}}