{"id":18,"date":"2021-08-06T23:24:57","date_gmt":"2021-08-06T21:24:57","guid":{"rendered":"https:\/\/elansaintais.asso.fr\/?page_id=18"},"modified":"2025-05-18T14:29:25","modified_gmt":"2025-05-18T12:29:25","slug":"a-propos","status":"publish","type":"page","link":"https:\/\/elansaintais.asso.fr\/blog\/a-propos\/","title":{"rendered":"\u00c0 Propos"},"content":{"rendered":"\n<p>Nous sommes une association de gymnastique d&rsquo;entretien \u00ab\u00a0mixte\u00a0\u00bb et \u00ab\u00a0ind\u00e9pendante\u00a0\u00bb.<\/p>\n\n\n\n<p>Nous vous proposons 16 activit\u00e9s pour une cotisation globale annuelle de 120 \u20ac (saison annuelle 2024-2025).<\/p>\n\n\n\n<p><strong>Le certificat m\u00e9dical n&rsquo;est pas obligatoire, mais fortement conseill\u00e9<\/strong>. Vous pouvez&nbsp;<a href=\"https:\/\/elansaintais.asso.fr\/blog\/wp-content\/uploads\/2023\/08\/certificat-medical-elan-saintais.pdf\" target=\"_blank\" rel=\"noreferrer noopener\">t\u00e9l\u00e9charger le certificat<\/a>&nbsp;\u00e0 faire remplir par votre m\u00e9decin.<\/p>\n\n\n\n<p>Tous les cours sont anim\u00e9s par des \u00e9ducateurs sportifs dipl\u00f4m\u00e9s d\u2019\u00c9tat.<\/p>\n\n\n\n<p><\/p>\n","protected":false},"excerpt":{"rendered":"<p>Nous sommes une association de gymnastique d&rsquo;entretien \u00ab\u00a0mixte\u00a0\u00bb et \u00ab\u00a0ind\u00e9pendante\u00a0\u00bb. Nous vous proposons 16 activit\u00e9s pour une cotisation globale annuelle de 120 \u20ac (saison annuelle 2024-2025). Le certificat m\u00e9dical n&rsquo;est pas obligatoire, mais fortement conseill\u00e9. Vous pouvez&nbsp;t\u00e9l\u00e9charger le certificat&nbsp;\u00e0 faire remplir par votre m\u00e9decin. Tous les cours sont anim\u00e9s par des \u00e9ducateurs sportifs dipl\u00f4m\u00e9s d\u2019\u00c9tat.<\/p>\n","protected":false},"author":2,"featured_media":0,"parent":0,"menu_order":0,"comment_status":"closed","ping_status":"closed","template":"","meta":{"footnotes":""},"class_list":["post-18","page","type-page","status-publish","hentry"],"_links":{"self":[{"href":"https:\/\/elansaintais.asso.fr\/blog\/wp-json\/wp\/v2\/pages\/18","targetHints":{"allow":["GET"]}}],"collection":[{"href":"https:\/\/elansaintais.asso.fr\/blog\/wp-json\/wp\/v2\/pages"}],"about":[{"href":"https:\/\/elansaintais.asso.fr\/blog\/wp-json\/wp\/v2\/types\/page"}],"author":[{"embeddable":true,"href":"https:\/\/elansaintais.asso.fr\/blog\/wp-json\/wp\/v2\/users\/2"}],"replies":[{"embeddable":true,"href":"https:\/\/elansaintais.asso.fr\/blog\/wp-json\/wp\/v2\/comments?post=18"}],"version-history":[{"count":3,"href":"https:\/\/elansaintais.asso.fr\/blog\/wp-json\/wp\/v2\/pages\/18\/revisions"}],"predecessor-version":[{"id":2788,"href":"https:\/\/elansaintais.asso.fr\/blog\/wp-json\/wp\/v2\/pages\/18\/revisions\/2788"}],"wp:attachment":[{"href":"https:\/\/elansaintais.asso.fr\/blog\/wp-json\/wp\/v2\/media?parent=18"}],"curies":[{"name":"wp","href":"https:\/\/api.w.org\/{rel}","templated":true}]}}