{"id":2260,"date":"2024-08-17T10:14:19","date_gmt":"2024-08-17T08:14:19","guid":{"rendered":"https:\/\/elansaintais.asso.fr\/blog\/?page_id=2260"},"modified":"2024-08-17T10:14:19","modified_gmt":"2024-08-17T08:14:19","slug":"methode-de-gasquet","status":"publish","type":"page","link":"https:\/\/elansaintais.asso.fr\/blog\/methode-de-gasquet\/","title":{"rendered":"M\u00e9thode de Gasquet"},"content":{"rendered":"\n<p>Cours centr\u00e9 sur le dos, les abdos, le p\u00e9rin\u00e9e en travaillant des postures avec une respiration sp\u00e9cifique<\/p>\n","protected":false},"excerpt":{"rendered":"<p>Cours centr\u00e9 sur le dos, les abdos, le p\u00e9rin\u00e9e en travaillant des postures avec une respiration sp\u00e9cifique<\/p>\n","protected":false},"author":3,"featured_media":0,"parent":0,"menu_order":0,"comment_status":"closed","ping_status":"closed","template":"","meta":{"footnotes":""},"class_list":["post-2260","page","type-page","status-publish","hentry"],"_links":{"self":[{"href":"https:\/\/elansaintais.asso.fr\/blog\/wp-json\/wp\/v2\/pages\/2260","targetHints":{"allow":["GET"]}}],"collection":[{"href":"https:\/\/elansaintais.asso.fr\/blog\/wp-json\/wp\/v2\/pages"}],"about":[{"href":"https:\/\/elansaintais.asso.fr\/blog\/wp-json\/wp\/v2\/types\/page"}],"author":[{"embeddable":true,"href":"https:\/\/elansaintais.asso.fr\/blog\/wp-json\/wp\/v2\/users\/3"}],"replies":[{"embeddable":true,"href":"https:\/\/elansaintais.asso.fr\/blog\/wp-json\/wp\/v2\/comments?post=2260"}],"version-history":[{"count":1,"href":"https:\/\/elansaintais.asso.fr\/blog\/wp-json\/wp\/v2\/pages\/2260\/revisions"}],"predecessor-version":[{"id":2261,"href":"https:\/\/elansaintais.asso.fr\/blog\/wp-json\/wp\/v2\/pages\/2260\/revisions\/2261"}],"wp:attachment":[{"href":"https:\/\/elansaintais.asso.fr\/blog\/wp-json\/wp\/v2\/media?parent=2260"}],"curies":[{"name":"wp","href":"https:\/\/api.w.org\/{rel}","templated":true}]}}