{"id":2271,"date":"2024-08-17T10:26:41","date_gmt":"2024-08-17T08:26:41","guid":{"rendered":"https:\/\/elansaintais.asso.fr\/blog\/?page_id=2271"},"modified":"2024-08-17T10:26:41","modified_gmt":"2024-08-17T08:26:41","slug":"hiit-high-intensity-interval-training-2","status":"publish","type":"page","link":"https:\/\/elansaintais.asso.fr\/blog\/hiit-high-intensity-interval-training-2\/","title":{"rendered":"HIIT High Intensity Interval Training"},"content":{"rendered":"\n<p>Soit un entrainement fractionn\u00e9 \u00e0 haute intensit\u00e9. C&rsquo;est un travail cardio court, intense et efficace<\/p>\n","protected":false},"excerpt":{"rendered":"<p>Soit un entrainement fractionn\u00e9 \u00e0 haute intensit\u00e9. C&rsquo;est un travail cardio court, intense et efficace<\/p>\n","protected":false},"author":3,"featured_media":0,"parent":0,"menu_order":0,"comment_status":"closed","ping_status":"closed","template":"","meta":{"footnotes":""},"class_list":["post-2271","page","type-page","status-publish","hentry"],"_links":{"self":[{"href":"https:\/\/elansaintais.asso.fr\/blog\/wp-json\/wp\/v2\/pages\/2271","targetHints":{"allow":["GET"]}}],"collection":[{"href":"https:\/\/elansaintais.asso.fr\/blog\/wp-json\/wp\/v2\/pages"}],"about":[{"href":"https:\/\/elansaintais.asso.fr\/blog\/wp-json\/wp\/v2\/types\/page"}],"author":[{"embeddable":true,"href":"https:\/\/elansaintais.asso.fr\/blog\/wp-json\/wp\/v2\/users\/3"}],"replies":[{"embeddable":true,"href":"https:\/\/elansaintais.asso.fr\/blog\/wp-json\/wp\/v2\/comments?post=2271"}],"version-history":[{"count":1,"href":"https:\/\/elansaintais.asso.fr\/blog\/wp-json\/wp\/v2\/pages\/2271\/revisions"}],"predecessor-version":[{"id":2272,"href":"https:\/\/elansaintais.asso.fr\/blog\/wp-json\/wp\/v2\/pages\/2271\/revisions\/2272"}],"wp:attachment":[{"href":"https:\/\/elansaintais.asso.fr\/blog\/wp-json\/wp\/v2\/media?parent=2271"}],"curies":[{"name":"wp","href":"https:\/\/api.w.org\/{rel}","templated":true}]}}