{"id":2275,"date":"2024-08-17T10:31:46","date_gmt":"2024-08-17T08:31:46","guid":{"rendered":"https:\/\/elansaintais.asso.fr\/blog\/?page_id=2275"},"modified":"2024-08-17T10:31:46","modified_gmt":"2024-08-17T08:31:46","slug":"tabata","status":"publish","type":"page","link":"https:\/\/elansaintais.asso.fr\/blog\/tabata\/","title":{"rendered":"TABATA"},"content":{"rendered":"\n<p>C&rsquo;est un entrainement fractionn\u00e9 de haute intensit\u00e9 accessible \u00e0 tous Travaillant tout le corps il consiste \u00e0 effectuer  secondes d&rsquo;effort suivi de  secondes de repos<\/p>\n","protected":false},"excerpt":{"rendered":"<p>C&rsquo;est un entrainement fractionn\u00e9 de haute intensit\u00e9 accessible \u00e0 tous Travaillant tout le corps il consiste \u00e0 effectuer secondes d&rsquo;effort suivi de secondes de repos<\/p>\n","protected":false},"author":3,"featured_media":0,"parent":0,"menu_order":0,"comment_status":"closed","ping_status":"closed","template":"","meta":{"footnotes":""},"class_list":["post-2275","page","type-page","status-publish","hentry"],"_links":{"self":[{"href":"https:\/\/elansaintais.asso.fr\/blog\/wp-json\/wp\/v2\/pages\/2275","targetHints":{"allow":["GET"]}}],"collection":[{"href":"https:\/\/elansaintais.asso.fr\/blog\/wp-json\/wp\/v2\/pages"}],"about":[{"href":"https:\/\/elansaintais.asso.fr\/blog\/wp-json\/wp\/v2\/types\/page"}],"author":[{"embeddable":true,"href":"https:\/\/elansaintais.asso.fr\/blog\/wp-json\/wp\/v2\/users\/3"}],"replies":[{"embeddable":true,"href":"https:\/\/elansaintais.asso.fr\/blog\/wp-json\/wp\/v2\/comments?post=2275"}],"version-history":[{"count":1,"href":"https:\/\/elansaintais.asso.fr\/blog\/wp-json\/wp\/v2\/pages\/2275\/revisions"}],"predecessor-version":[{"id":2276,"href":"https:\/\/elansaintais.asso.fr\/blog\/wp-json\/wp\/v2\/pages\/2275\/revisions\/2276"}],"wp:attachment":[{"href":"https:\/\/elansaintais.asso.fr\/blog\/wp-json\/wp\/v2\/media?parent=2275"}],"curies":[{"name":"wp","href":"https:\/\/api.w.org\/{rel}","templated":true}]}}