{"id":51,"date":"2021-08-07T00:13:12","date_gmt":"2021-08-06T22:13:12","guid":{"rendered":"https:\/\/elansaintais.asso.fr\/?page_id=51"},"modified":"2025-07-23T15:18:09","modified_gmt":"2025-07-23T13:18:09","slug":"educateurs","status":"publish","type":"page","link":"https:\/\/elansaintais.asso.fr\/blog\/educateurs\/","title":{"rendered":"\u00c9ducateurs"},"content":{"rendered":"\n<p>Tous les cours sont anim\u00e9s par des \u00e9ducateurs sportifs dipl\u00f4m\u00e9s d\u2019\u00c9tat<\/p>\n\n\n\n<h2 class=\"wp-block-heading\">Eric Martinet<\/h2>\n\n\n\n<p>&nbsp;gymnastique, renforcement musculaire et marche active <a href=\"https:\/\/elansaintais.asso.fr\/blog\/eric-martinet\/\">en savoir plus<\/a><\/p>\n\n\n\n<h2 class=\"wp-block-heading\">Marietta Rusaouen<\/h2>\n\n\n\n<p>gymnastique, step, cardio-fun et renforcement musculaire <a href=\"https:\/\/elansaintais.asso.fr\/blog\/marietta-rusaouen\/\" data-type=\"URL\" data-id=\"https:\/\/elansaintais.asso.fr\/blog2\/marietta-rusaouen\/\">en savoir plus<\/a><\/p>\n\n\n\n<h2 class=\"wp-block-heading\">Fr\u00e9d\u00e9ric Tesson<\/h2>\n\n\n\n<p>gymnastique douce et renforcement musculaire&nbsp;<a href=\"https:\/\/elansaintais.asso.fr\/blog\/frederic-tesson\/\" data-type=\"URL\" data-id=\"https:\/\/elansaintais.asso.fr\/blog2\/frederic-tesson\/\">en savoir plus<\/a><\/p>\n\n\n\n<h2 class=\"wp-block-heading\">Nathalie Dumas<\/h2>\n\n\n\n<p> yoga <a href=\"https:\/\/elansaintais.asso.fr\/blog\/nathalie-dumas\/\">en savoir plus<\/a><\/p>\n\n\n\n<h2 class=\"wp-block-heading\">Jean-Marie Vincent<\/h2>\n\n\n\n<p>natation <a href=\"https:\/\/elansaintais.asso.fr\/blog\/jean-marie-vincent\/\" data-type=\"URL\" data-id=\"https:\/\/elansaintais.asso.fr\/blog2\/jean-marie-vincent\/\">en savoir plus<\/a><\/p>\n\n\n\n<h2 class=\"wp-block-heading\">Marie Dor\u00e9mus<\/h2>\n\n\n\n<p>gymnastique tonique, HIIT, stretching et cardio-boxe <a href=\"https:\/\/elansaintais.asso.fr\/blog\/marie-doremus\/\" data-type=\"URL\" data-id=\"https:\/\/elansaintais.asso.fr\/blog2\/marie-doremus\/\">en savoir plus<\/a><\/p>\n\n\n\n<h2 class=\"wp-block-heading\">Elodie Delmotte<\/h2>\n\n\n\n<p>total body zen et cardio-danse <a href=\"https:\/\/elansaintais.asso.fr\/blog\/elodie-delmotte\/\" data-type=\"URL\" data-id=\"https:\/\/elansaintais.asso.fr\/blog2\/elodie-delmotte\/\">en savoir plus<\/a><\/p>\n\n\n\n<h2 class=\"wp-block-heading\">Claire Harly<\/h2>\n\n\n\n<p>Gymnastique, total body zen  et fitness <a href=\"https:\/\/elansaintais.asso.fr\/blog\/claire-harly\/\" data-type=\"URL\" data-id=\"https:\/\/elansaintais.asso.fr\/blog2\/claire-harly\/\">en savoir plus<\/a><\/p>\n\n\n\n<h2 class=\"wp-block-heading\">Laurence Compagnon<\/h2>\n\n\n\n<p>Qigong <a href=\"https:\/\/elansaintais.asso.fr\/blog\/laurence-compagnon\/\" data-type=\"URL\" data-id=\"https:\/\/elansaintais.asso.fr\/blog2\/laurence-compagnon\/\">en savoir plus<\/a><\/p>\n\n\n\n<h2 class=\"wp-block-heading\">Anne-Sophie Geiger<\/h2>\n\n\n\n<p>Pilates <a href=\"https:\/\/elansaintais.asso.fr\/blog\/anne-sophie-geiger\/\">en savoir plus<\/a><\/p>\n","protected":false},"excerpt":{"rendered":"<p>Tous les cours sont anim\u00e9s par des \u00e9ducateurs sportifs dipl\u00f4m\u00e9s d\u2019\u00c9tat Eric Martinet &nbsp;gymnastique, renforcement musculaire et marche active en savoir plus Marietta Rusaouen gymnastique, step, cardio-fun et renforcement musculaire en savoir plus Fr\u00e9d\u00e9ric Tesson gymnastique douce et renforcement musculaire&nbsp;en savoir plus Nathalie Dumas yoga en savoir plus Jean-Marie Vincent natation en savoir plus Marie [&hellip;]<\/p>\n","protected":false},"author":2,"featured_media":0,"parent":0,"menu_order":0,"comment_status":"closed","ping_status":"closed","template":"","meta":{"footnotes":""},"class_list":["post-51","page","type-page","status-publish","hentry"],"_links":{"self":[{"href":"https:\/\/elansaintais.asso.fr\/blog\/wp-json\/wp\/v2\/pages\/51","targetHints":{"allow":["GET"]}}],"collection":[{"href":"https:\/\/elansaintais.asso.fr\/blog\/wp-json\/wp\/v2\/pages"}],"about":[{"href":"https:\/\/elansaintais.asso.fr\/blog\/wp-json\/wp\/v2\/types\/page"}],"author":[{"embeddable":true,"href":"https:\/\/elansaintais.asso.fr\/blog\/wp-json\/wp\/v2\/users\/2"}],"replies":[{"embeddable":true,"href":"https:\/\/elansaintais.asso.fr\/blog\/wp-json\/wp\/v2\/comments?post=51"}],"version-history":[{"count":4,"href":"https:\/\/elansaintais.asso.fr\/blog\/wp-json\/wp\/v2\/pages\/51\/revisions"}],"predecessor-version":[{"id":2949,"href":"https:\/\/elansaintais.asso.fr\/blog\/wp-json\/wp\/v2\/pages\/51\/revisions\/2949"}],"wp:attachment":[{"href":"https:\/\/elansaintais.asso.fr\/blog\/wp-json\/wp\/v2\/media?parent=51"}],"curies":[{"name":"wp","href":"https:\/\/api.w.org\/{rel}","templated":true}]}}