{"id":58,"date":"2021-08-07T00:19:22","date_gmt":"2021-08-06T22:19:22","guid":{"rendered":"https:\/\/elansaintais.asso.fr\/?page_id=58"},"modified":"2022-10-12T14:20:59","modified_gmt":"2022-10-12T12:20:59","slug":"fitness","status":"publish","type":"page","link":"https:\/\/elansaintais.asso.fr\/blog\/fitness\/","title":{"rendered":"Fitness"},"content":{"rendered":"\n<p>En musique, nous d\u00e9veloppons&nbsp;le tonus musculaire et nous&nbsp; entretenons&nbsp;la forme physique&nbsp; avec ou sans mat\u00e9riel. Un travail fonctionnel qui&nbsp;\u00e9tire et&nbsp; renforce tous les&nbsp;muscles. C\u2019est tonique, cardio et intense pour s&rsquo;\u00e9clater et se faire plaisir.&nbsp;<\/p>\n","protected":false},"excerpt":{"rendered":"<p>En musique, nous d\u00e9veloppons&nbsp;le tonus musculaire et nous&nbsp; entretenons&nbsp;la forme physique&nbsp; avec ou sans mat\u00e9riel. Un travail fonctionnel qui&nbsp;\u00e9tire et&nbsp; renforce tous les&nbsp;muscles. C\u2019est tonique, cardio et intense pour s&rsquo;\u00e9clater et se faire plaisir.&nbsp;<\/p>\n","protected":false},"author":2,"featured_media":0,"parent":0,"menu_order":0,"comment_status":"closed","ping_status":"closed","template":"","meta":{"footnotes":""},"class_list":["post-58","page","type-page","status-publish","hentry"],"_links":{"self":[{"href":"https:\/\/elansaintais.asso.fr\/blog\/wp-json\/wp\/v2\/pages\/58","targetHints":{"allow":["GET"]}}],"collection":[{"href":"https:\/\/elansaintais.asso.fr\/blog\/wp-json\/wp\/v2\/pages"}],"about":[{"href":"https:\/\/elansaintais.asso.fr\/blog\/wp-json\/wp\/v2\/types\/page"}],"author":[{"embeddable":true,"href":"https:\/\/elansaintais.asso.fr\/blog\/wp-json\/wp\/v2\/users\/2"}],"replies":[{"embeddable":true,"href":"https:\/\/elansaintais.asso.fr\/blog\/wp-json\/wp\/v2\/comments?post=58"}],"version-history":[{"count":0,"href":"https:\/\/elansaintais.asso.fr\/blog\/wp-json\/wp\/v2\/pages\/58\/revisions"}],"wp:attachment":[{"href":"https:\/\/elansaintais.asso.fr\/blog\/wp-json\/wp\/v2\/media?parent=58"}],"curies":[{"name":"wp","href":"https:\/\/api.w.org\/{rel}","templated":true}]}}