{"id":61,"date":"2021-08-07T00:21:55","date_gmt":"2021-08-06T22:21:55","guid":{"rendered":"https:\/\/elansaintais.asso.fr\/?page_id=61"},"modified":"2024-11-14T15:45:43","modified_gmt":"2024-11-14T14:45:43","slug":"frederic-tesson","status":"publish","type":"page","link":"https:\/\/elansaintais.asso.fr\/blog\/frederic-tesson\/","title":{"rendered":"Fr\u00e9d\u00e9ric Tesson-Vautier"},"content":{"rendered":"\n<p>\u00c9ducateur de musculation \u00e0 l&rsquo;\u00c9lan Saintais<\/p>\n\n\n\n<p>titulaire du :<\/p>\n\n\n\n<ul class=\"wp-block-list\"><li>brevet d&rsquo;\u00e9tat 1<sup>er<\/sup>&nbsp;degr\u00e9 option gymnastique sportive masculine<\/li><li>brevet professionnel de la jeunesse, de l&rsquo;\u00e9ducation populaire<\/li><\/ul>\n","protected":false},"excerpt":{"rendered":"<p>\u00c9ducateur de musculation \u00e0 l&rsquo;\u00c9lan Saintais titulaire du : brevet d&rsquo;\u00e9tat 1er&nbsp;degr\u00e9 option gymnastique sportive masculine brevet professionnel de la jeunesse, de l&rsquo;\u00e9ducation populaire<\/p>\n","protected":false},"author":2,"featured_media":0,"parent":0,"menu_order":0,"comment_status":"closed","ping_status":"closed","template":"","meta":{"footnotes":""},"class_list":["post-61","page","type-page","status-publish","hentry"],"_links":{"self":[{"href":"https:\/\/elansaintais.asso.fr\/blog\/wp-json\/wp\/v2\/pages\/61","targetHints":{"allow":["GET"]}}],"collection":[{"href":"https:\/\/elansaintais.asso.fr\/blog\/wp-json\/wp\/v2\/pages"}],"about":[{"href":"https:\/\/elansaintais.asso.fr\/blog\/wp-json\/wp\/v2\/types\/page"}],"author":[{"embeddable":true,"href":"https:\/\/elansaintais.asso.fr\/blog\/wp-json\/wp\/v2\/users\/2"}],"replies":[{"embeddable":true,"href":"https:\/\/elansaintais.asso.fr\/blog\/wp-json\/wp\/v2\/comments?post=61"}],"version-history":[{"count":1,"href":"https:\/\/elansaintais.asso.fr\/blog\/wp-json\/wp\/v2\/pages\/61\/revisions"}],"predecessor-version":[{"id":2498,"href":"https:\/\/elansaintais.asso.fr\/blog\/wp-json\/wp\/v2\/pages\/61\/revisions\/2498"}],"wp:attachment":[{"href":"https:\/\/elansaintais.asso.fr\/blog\/wp-json\/wp\/v2\/media?parent=61"}],"curies":[{"name":"wp","href":"https:\/\/api.w.org\/{rel}","templated":true}]}}