{"id":67,"date":"2021-08-07T00:28:22","date_gmt":"2021-08-06T22:28:22","guid":{"rendered":"https:\/\/elansaintais.asso.fr\/?page_id=67"},"modified":"2023-08-27T11:19:25","modified_gmt":"2023-08-27T09:19:25","slug":"marie-doremus","status":"publish","type":"page","link":"https:\/\/elansaintais.asso.fr\/blog\/marie-doremus\/","title":{"rendered":"Marie Dor\u00e9mus"},"content":{"rendered":"\n<p>gymnastique tonique, gymnastique douce, stretching et cardio-box \u00e0 l&rsquo;\u00e9lan saintais<\/p>\n\n\n\n<p>titulaire du brevet professionnel de la jeunesse, de l&rsquo;\u00e9ducation populaire et du sport sp\u00e9cialit\u00e9s gymniques, de la forme et de la force<\/p>\n\n\n\n<figure class=\"wp-block-image size-large is-resized is-style-rounded\"><img loading=\"lazy\" decoding=\"async\" src=\"https:\/\/elansaintais.asso.fr\/blog\/wp-content\/uploads\/2022\/10\/Marie-1-576x1024.jpg\" alt=\"\" style=\"width:261px;height:463px\" width=\"261\" height=\"463\"\/><\/figure>\n","protected":false},"excerpt":{"rendered":"<p>gymnastique tonique, gymnastique douce, stretching et cardio-box \u00e0 l&rsquo;\u00e9lan saintais titulaire du brevet professionnel de la jeunesse, de l&rsquo;\u00e9ducation populaire et du sport sp\u00e9cialit\u00e9s gymniques, de la forme et de la force<\/p>\n","protected":false},"author":2,"featured_media":0,"parent":0,"menu_order":0,"comment_status":"closed","ping_status":"closed","template":"","meta":{"footnotes":""},"class_list":["post-67","page","type-page","status-publish","hentry"],"_links":{"self":[{"href":"https:\/\/elansaintais.asso.fr\/blog\/wp-json\/wp\/v2\/pages\/67","targetHints":{"allow":["GET"]}}],"collection":[{"href":"https:\/\/elansaintais.asso.fr\/blog\/wp-json\/wp\/v2\/pages"}],"about":[{"href":"https:\/\/elansaintais.asso.fr\/blog\/wp-json\/wp\/v2\/types\/page"}],"author":[{"embeddable":true,"href":"https:\/\/elansaintais.asso.fr\/blog\/wp-json\/wp\/v2\/users\/2"}],"replies":[{"embeddable":true,"href":"https:\/\/elansaintais.asso.fr\/blog\/wp-json\/wp\/v2\/comments?post=67"}],"version-history":[{"count":1,"href":"https:\/\/elansaintais.asso.fr\/blog\/wp-json\/wp\/v2\/pages\/67\/revisions"}],"predecessor-version":[{"id":1724,"href":"https:\/\/elansaintais.asso.fr\/blog\/wp-json\/wp\/v2\/pages\/67\/revisions\/1724"}],"wp:attachment":[{"href":"https:\/\/elansaintais.asso.fr\/blog\/wp-json\/wp\/v2\/media?parent=67"}],"curies":[{"name":"wp","href":"https:\/\/api.w.org\/{rel}","templated":true}]}}