{"id":83,"date":"2021-08-07T00:37:46","date_gmt":"2021-08-06T22:37:46","guid":{"rendered":"https:\/\/elansaintais.asso.fr\/?page_id=83"},"modified":"2023-08-27T16:16:40","modified_gmt":"2023-08-27T14:16:40","slug":"nathalie-dumas","status":"publish","type":"page","link":"https:\/\/elansaintais.asso.fr\/blog\/nathalie-dumas\/","title":{"rendered":"Nathalie Dumas"},"content":{"rendered":"\n<p>\u00c9ducatrice d&rsquo;assouplissements et de yoga \u00e0 l&rsquo;\u00c9lan Saintais<\/p>\n\n\n\n<p>titulaire du<\/p>\n\n\n\n<ul class=\"wp-block-list\">\n<li>brevet d&rsquo;\u00e9tat d&rsquo;\u00e9ducateur sportif 1<sup>er<\/sup>&nbsp;degr\u00e9 expression gymnique et disciplines associ\u00e9es<\/li>\n\n\n\n<li>certificat f\u00e9d\u00e9ral d&rsquo;enseignant du yoga<\/li>\n<\/ul>\n\n\n\n<figure class=\"wp-block-image size-large is-style-rounded\"><img decoding=\"async\" src=\"https:\/\/elansaintais.asso.fr\/blog\/wp-content\/uploads\/2021\/08\/Nathalie-Dumas-IMG_0187-8b05a2d4.jpg\" alt=\"\"\/><\/figure>\n","protected":false},"excerpt":{"rendered":"<p>\u00c9ducatrice d&rsquo;assouplissements et de yoga \u00e0 l&rsquo;\u00c9lan Saintais titulaire du<\/p>\n","protected":false},"author":2,"featured_media":0,"parent":0,"menu_order":0,"comment_status":"closed","ping_status":"closed","template":"","meta":{"footnotes":""},"class_list":["post-83","page","type-page","status-publish","hentry"],"_links":{"self":[{"href":"https:\/\/elansaintais.asso.fr\/blog\/wp-json\/wp\/v2\/pages\/83","targetHints":{"allow":["GET"]}}],"collection":[{"href":"https:\/\/elansaintais.asso.fr\/blog\/wp-json\/wp\/v2\/pages"}],"about":[{"href":"https:\/\/elansaintais.asso.fr\/blog\/wp-json\/wp\/v2\/types\/page"}],"author":[{"embeddable":true,"href":"https:\/\/elansaintais.asso.fr\/blog\/wp-json\/wp\/v2\/users\/2"}],"replies":[{"embeddable":true,"href":"https:\/\/elansaintais.asso.fr\/blog\/wp-json\/wp\/v2\/comments?post=83"}],"version-history":[{"count":1,"href":"https:\/\/elansaintais.asso.fr\/blog\/wp-json\/wp\/v2\/pages\/83\/revisions"}],"predecessor-version":[{"id":1726,"href":"https:\/\/elansaintais.asso.fr\/blog\/wp-json\/wp\/v2\/pages\/83\/revisions\/1726"}],"wp:attachment":[{"href":"https:\/\/elansaintais.asso.fr\/blog\/wp-json\/wp\/v2\/media?parent=83"}],"curies":[{"name":"wp","href":"https:\/\/api.w.org\/{rel}","templated":true}]}}