{"id":92,"date":"2021-08-07T00:46:05","date_gmt":"2021-08-06T22:46:05","guid":{"rendered":"https:\/\/elansaintais.asso.fr\/?page_id=92"},"modified":"2024-08-15T17:00:23","modified_gmt":"2024-08-15T15:00:23","slug":"salles","status":"publish","type":"page","link":"https:\/\/elansaintais.asso.fr\/blog\/salles\/","title":{"rendered":"Salles"},"content":{"rendered":"\n<h2 class=\"wp-block-heading\">Les salles sur Saintes<\/h2>\n\n\n\n<h2 class=\"wp-block-heading\">Gymnase du Grand Coudret<\/h2>\n\n\n\n<p>100 rue du docteur Jean 17100 Saintes<\/p>\n\n\n\t\t<div\n            id=\"wpmapblock_548c7952\"\n            data-settings='{&quot;map_marker&quot;:[{&quot;lat&quot;:&quot;45.736637115478516&quot;,&quot;lng&quot;:&quot;-0.6144886016845703&quot;,&quot;title&quot;:&quot;Gymnase du grand coudret&quot;,&quot;content&quot;:&quot;&quot;,&quot;iconType&quot;:&quot;default&quot;,&quot;customIconUrl&quot;:&quot;&quot;,&quot;customIconWidth&quot;:&quot;25&quot;,&quot;customIconHeight&quot;:&quot;40&quot;}],&quot;map_zoom&quot;:&quot;13&quot;,&quot;scroll_wheel_zoom&quot;:false,&quot;map_type&quot;:&quot;GM&quot;,&quot;center_index&quot;:0}'\n            class=\"wpmapblockrender\"\n            style=\"\n\t\t\twidth: 70%;\n\t\t\theight: 494px;\n\t\t\"\n            >\n        <\/div>\n        \n\n\n<h2 class=\"wp-block-heading\">Salle de renforcement musculaire<\/h2>\n\n\n\n<p>2 rue Galli\u00e8ni 17100 Saintes<\/p>\n\n\n\t\t<div\n            id=\"wpmapblock_71eeb01c\"\n            data-settings='{&quot;map_marker&quot;:[{&quot;lat&quot;:&quot;45.750816345214844&quot;,&quot;lng&quot;:&quot;-0.6190187931060791&quot;,&quot;title&quot;:&quot;Salle de musculation&quot;,&quot;content&quot;:&quot;&quot;,&quot;iconType&quot;:&quot;default&quot;,&quot;customIconUrl&quot;:&quot;&quot;,&quot;customIconWidth&quot;:&quot;25&quot;,&quot;customIconHeight&quot;:&quot;40&quot;}],&quot;map_zoom&quot;:&quot;15&quot;,&quot;scroll_wheel_zoom&quot;:false,&quot;map_type&quot;:&quot;GM&quot;,&quot;center_index&quot;:0}'\n            class=\"wpmapblockrender\"\n            style=\"\n\t\t\twidth: 70%;\n\t\t\theight: 494px;\n\t\t\"\n            >\n        <\/div>\n        \n\n\n<p><\/p>\n\n\n\n<h2 class=\"wp-block-heading\">Salle Paul Gaudin (salle de la R\u00e9cluse )<\/h2>\n\n\n\n<p>58 rue Rabelais 17100 Saintes<\/p>\n\n\n\t\t<div\n            id=\"wpmapblock_b87b9b86\"\n            data-settings='{&quot;map_marker&quot;:[{&quot;lat&quot;:&quot;45.7413394&quot;,&quot;lng&quot;:&quot;-0.6062587&quot;,&quot;title&quot;:&quot;Salle Paul Gaudin&quot;,&quot;content&quot;:&quot;ex La R\\u00e9cluse&quot;,&quot;iconType&quot;:&quot;default&quot;,&quot;customIconUrl&quot;:&quot;&quot;,&quot;customIconWidth&quot;:&quot;25&quot;,&quot;customIconHeight&quot;:&quot;40&quot;}],&quot;map_zoom&quot;:&quot;16&quot;,&quot;scroll_wheel_zoom&quot;:false,&quot;map_type&quot;:&quot;GM&quot;,&quot;center_index&quot;:0}'\n            class=\"wpmapblockrender\"\n            style=\"\n\t\t\twidth: 70%;\n\t\t\theight: 494px;\n\t\t\"\n            >\n        <\/div>\n        \n\n\n<h2 class=\"wp-block-heading\">Salle du Cam\u00e9lia<\/h2>\n\n\n\n<p>6 avenue des jasmins 17100 Saintes<\/p>\n\n\n\t\t<div\n            id=\"wpmapblock_3a5e0e35\"\n            data-settings='{&quot;map_marker&quot;:[{&quot;lat&quot;:&quot;45.7369049&quot;,&quot;lng&quot;:&quot;-0.6444457&quot;,&quot;title&quot;:&quot;Salle du Cam\\u00e9lia&quot;,&quot;content&quot;:&quot;&quot;,&quot;iconType&quot;:&quot;default&quot;,&quot;customIconUrl&quot;:&quot;&quot;,&quot;customIconWidth&quot;:&quot;25&quot;,&quot;customIconHeight&quot;:&quot;40&quot;}],&quot;map_zoom&quot;:&quot;16&quot;,&quot;scroll_wheel_zoom&quot;:false,&quot;map_type&quot;:&quot;GM&quot;,&quot;center_index&quot;:0}'\n            class=\"wpmapblockrender\"\n            style=\"\n\t\t\twidth: 70%;\n\t\t\theight: 494px;\n\t\t\"\n            >\n        <\/div>\n        \n\n\n<h2 class=\"wp-block-heading\">Salle annexe G.Martell<\/h2>\n\n\n\n<p>26 rue Geoffroy Martell <\/p>\n\n\n\t\t<div\n            id=\"wpmapblock_e8122e64\"\n            data-settings='{&quot;map_marker&quot;:[{&quot;id&quot;:&quot;0&quot;,&quot;lat&quot;:&quot;45.743303&quot;,&quot;lng&quot;:&quot;-0.623143&quot;,&quot;title&quot;:&quot;Geofroy Martell&quot;,&quot;content&quot;:&quot;&quot;,&quot;iconType&quot;:&quot;default&quot;,&quot;customIconUrl&quot;:&quot;&quot;,&quot;customIconWidth&quot;:&quot;25&quot;,&quot;customIconHeight&quot;:&quot;40&quot;}],&quot;map_zoom&quot;:&quot;16&quot;,&quot;scroll_wheel_zoom&quot;:false,&quot;map_type&quot;:&quot;GM&quot;,&quot;center_index&quot;:0}'\n            class=\"wpmapblockrender\"\n            style=\"\n\t\t\twidth: 70%;\n\t\t\theight: 494px;\n\t\t\"\n            >\n        <\/div>\n        \n\n\n<h2 class=\"wp-block-heading\">Salle Jacques Pr\u00e9vert<\/h2>\n\n\n\n<p>31 rue du cormier <\/p>\n\n\n\t\t<div\n            id=\"wpmapblock_229abb75\"\n            data-settings='{&quot;map_marker&quot;:[{&quot;id&quot;:&quot;0&quot;,&quot;lat&quot;:&quot;45.749907&quot;,&quot;lng&quot;:&quot;-0.609726&quot;,&quot;title&quot;:&quot;rue du cormier&quot;,&quot;content&quot;:&quot;&quot;,&quot;iconType&quot;:&quot;default&quot;,&quot;customIconUrl&quot;:&quot;&quot;,&quot;customIconWidth&quot;:&quot;25&quot;,&quot;customIconHeight&quot;:&quot;40&quot;}],&quot;map_zoom&quot;:&quot;16&quot;,&quot;scroll_wheel_zoom&quot;:false,&quot;map_type&quot;:&quot;GM&quot;,&quot;center_index&quot;:0}'\n            class=\"wpmapblockrender\"\n            style=\"\n\t\t\twidth: 70%;\n\t\t\theight: 494px;\n\t\t\"\n            >\n        <\/div>\n        \n\n\n<h2 class=\"wp-block-heading\">Salles sur \u00c9curat<\/h2>\n\n\n\n<p><\/p>\n\n\n\n<h2 class=\"wp-block-heading\">Salle des f\u00eates<\/h2>\n\n\n\n<p>Route de Taillebourg 17810 \u00c9curat<\/p>\n\n\n\n<h2 class=\"wp-block-heading\">\u00c9cole<\/h2>\n\n\n\n<p>3 Rue du Centre 17810 \u00c9curat<\/p>\n\n\n\t\t<div\n            id=\"wpmapblock_67dd3a36\"\n            data-settings='{&quot;map_marker&quot;:[{&quot;lat&quot;:&quot;45.78193631721081&quot;,&quot;lng&quot;:&quot;-0.6742741964340171&quot;,&quot;title&quot;:&quot;Salle des f\\u00eates&quot;,&quot;content&quot;:&quot;Ecurat&quot;,&quot;iconType&quot;:&quot;default&quot;,&quot;customIconUrl&quot;:&quot;&quot;,&quot;customIconWidth&quot;:&quot;25&quot;,&quot;customIconHeight&quot;:&quot;40&quot;},{&quot;lat&quot;:&quot;45.78253152258496&quot;,&quot;lng&quot;:&quot;-0.674901833343502&quot;,&quot;title&quot;:&quot;\\u00c9cole&quot;,&quot;content&quot;:&quot;\\u00c9curat&quot;,&quot;iconType&quot;:&quot;default&quot;,&quot;customIconUrl&quot;:&quot;&quot;,&quot;customIconWidth&quot;:&quot;25&quot;,&quot;customIconHeight&quot;:&quot;40&quot;}],&quot;map_zoom&quot;:&quot;14&quot;,&quot;scroll_wheel_zoom&quot;:false,&quot;map_type&quot;:&quot;GM&quot;,&quot;center_index&quot;:0}'\n            class=\"wpmapblockrender\"\n            style=\"\n\t\t\twidth: 70%;\n\t\t\theight: 494px;\n\t\t\"\n            >\n        <\/div>\n        \n\n\n<h2 class=\"wp-block-heading\">Salles sur Saint Georges des c\u00f4teaux<\/h2>\n\n\n\n<h2 class=\"wp-block-heading\">Salle du parc \u00e0 la halte de loisir<\/h2>\n\n\n\n<p>Route du parc 17810 Saint Georges des c\u00f4teaux<\/p>\n\n\n\n<h2 class=\"wp-block-heading\">Petite salle du grand gymnase<\/h2>\n\n\n\n<p>Route du parc 17810 Saint Georges des c\u00f4teaux<\/p>\n\n\n\t\t<div\n            id=\"wpmapblock_776fbc50\"\n            data-settings='{&quot;map_marker&quot;:[{&quot;lat&quot;:&quot;45.76707788749073&quot;,&quot;lng&quot;:&quot;-0.7126826416294119&quot;,&quot;title&quot;:&quot;Halte de loisir&quot;,&quot;content&quot;:&quot;&quot;,&quot;iconType&quot;:&quot;default&quot;,&quot;customIconUrl&quot;:&quot;&quot;,&quot;customIconWidth&quot;:&quot;25&quot;,&quot;customIconHeight&quot;:&quot;40&quot;},{&quot;lat&quot;:&quot;45.766736233229956&quot;,&quot;lng&quot;:&quot;-0.7113200794498464&quot;,&quot;title&quot;:&quot;Gymnase&quot;,&quot;content&quot;:&quot;&quot;,&quot;iconType&quot;:&quot;default&quot;,&quot;customIconUrl&quot;:&quot;&quot;,&quot;customIconWidth&quot;:&quot;25&quot;,&quot;customIconHeight&quot;:&quot;40&quot;}],&quot;map_zoom&quot;:&quot;13&quot;,&quot;scroll_wheel_zoom&quot;:false,&quot;map_type&quot;:&quot;GM&quot;,&quot;center_index&quot;:0}'\n            class=\"wpmapblockrender\"\n            style=\"\n\t\t\twidth: 70%;\n\t\t\theight: 494px;\n\t\t\"\n            >\n        <\/div>\n        \n\n\n<h2 class=\"wp-block-heading\">Salle sur Varsay<\/h2>\n\n\n\n<p>3 rue de l&rsquo;Arnoult 17460 Varzay<\/p>\n\n\n\t\t<div\n            id=\"wpmapblock_f2897f11\"\n            data-settings='{&quot;map_marker&quot;:[{&quot;lat&quot;:&quot;45.705041722450545&quot;,&quot;lng&quot;:&quot;-0.7352014466965229&quot;,&quot;title&quot;:&quot;Varsay&quot;,&quot;content&quot;:&quot;&quot;,&quot;iconType&quot;:&quot;default&quot;,&quot;customIconUrl&quot;:&quot;&quot;,&quot;customIconWidth&quot;:&quot;25&quot;,&quot;customIconHeight&quot;:&quot;40&quot;}],&quot;map_zoom&quot;:&quot;12&quot;,&quot;scroll_wheel_zoom&quot;:false,&quot;map_type&quot;:&quot;GM&quot;,&quot;center_index&quot;:0}'\n            class=\"wpmapblockrender\"\n            style=\"\n\t\t\twidth: 70%;\n\t\t\theight: 494px;\n\t\t\"\n            >\n        <\/div>\n        ","protected":false},"excerpt":{"rendered":"<p>Les salles sur Saintes Gymnase du Grand Coudret 100 rue du docteur Jean 17100 Saintes Salle de renforcement musculaire 2 rue Galli\u00e8ni 17100 Saintes Salle Paul Gaudin (salle de la R\u00e9cluse ) 58 rue Rabelais 17100 Saintes Salle du Cam\u00e9lia 6 avenue des jasmins 17100 Saintes Salle annexe G.Martell 26 rue Geoffroy Martell Salle Jacques [&hellip;]<\/p>\n","protected":false},"author":2,"featured_media":0,"parent":0,"menu_order":0,"comment_status":"closed","ping_status":"closed","template":"","meta":{"footnotes":""},"class_list":["post-92","page","type-page","status-publish","hentry"],"_links":{"self":[{"href":"https:\/\/elansaintais.asso.fr\/blog\/wp-json\/wp\/v2\/pages\/92","targetHints":{"allow":["GET"]}}],"collection":[{"href":"https:\/\/elansaintais.asso.fr\/blog\/wp-json\/wp\/v2\/pages"}],"about":[{"href":"https:\/\/elansaintais.asso.fr\/blog\/wp-json\/wp\/v2\/types\/page"}],"author":[{"embeddable":true,"href":"https:\/\/elansaintais.asso.fr\/blog\/wp-json\/wp\/v2\/users\/2"}],"replies":[{"embeddable":true,"href":"https:\/\/elansaintais.asso.fr\/blog\/wp-json\/wp\/v2\/comments?post=92"}],"version-history":[{"count":10,"href":"https:\/\/elansaintais.asso.fr\/blog\/wp-json\/wp\/v2\/pages\/92\/revisions"}],"predecessor-version":[{"id":2242,"href":"https:\/\/elansaintais.asso.fr\/blog\/wp-json\/wp\/v2\/pages\/92\/revisions\/2242"}],"wp:attachment":[{"href":"https:\/\/elansaintais.asso.fr\/blog\/wp-json\/wp\/v2\/media?parent=92"}],"curies":[{"name":"wp","href":"https:\/\/api.w.org\/{rel}","templated":true}]}}