{"id":976,"date":"2022-10-12T14:06:28","date_gmt":"2022-10-12T12:06:28","guid":{"rendered":"https:\/\/elansaintais.asso.fr\/?page_id=976"},"modified":"2022-10-12T14:20:09","modified_gmt":"2022-10-12T12:20:09","slug":"cardio-boxe","status":"publish","type":"page","link":"https:\/\/elansaintais.asso.fr\/blog\/cardio-boxe\/","title":{"rendered":"cardio-boxe"},"content":{"rendered":"\n<p>Cours combinant un travail cardio-vasculaire et de renforcement musculaire, avec des d\u00e9placements, des mouvements emprunt\u00e9s \u00e0 la boxe. Le tout sur une musique bien rythm\u00e9e&nbsp;<\/p>\n","protected":false},"excerpt":{"rendered":"<p>Cours combinant un travail cardio-vasculaire et de renforcement musculaire, avec des d\u00e9placements, des mouvements emprunt\u00e9s \u00e0 la boxe. Le tout sur une musique bien rythm\u00e9e&nbsp;<\/p>\n","protected":false},"author":4,"featured_media":0,"parent":0,"menu_order":0,"comment_status":"closed","ping_status":"closed","template":"","meta":{"footnotes":""},"class_list":["post-976","page","type-page","status-publish","hentry"],"_links":{"self":[{"href":"https:\/\/elansaintais.asso.fr\/blog\/wp-json\/wp\/v2\/pages\/976","targetHints":{"allow":["GET"]}}],"collection":[{"href":"https:\/\/elansaintais.asso.fr\/blog\/wp-json\/wp\/v2\/pages"}],"about":[{"href":"https:\/\/elansaintais.asso.fr\/blog\/wp-json\/wp\/v2\/types\/page"}],"author":[{"embeddable":true,"href":"https:\/\/elansaintais.asso.fr\/blog\/wp-json\/wp\/v2\/users\/4"}],"replies":[{"embeddable":true,"href":"https:\/\/elansaintais.asso.fr\/blog\/wp-json\/wp\/v2\/comments?post=976"}],"version-history":[{"count":0,"href":"https:\/\/elansaintais.asso.fr\/blog\/wp-json\/wp\/v2\/pages\/976\/revisions"}],"wp:attachment":[{"href":"https:\/\/elansaintais.asso.fr\/blog\/wp-json\/wp\/v2\/media?parent=976"}],"curies":[{"name":"wp","href":"https:\/\/api.w.org\/{rel}","templated":true}]}}