{"id":98,"date":"2021-08-07T01:04:02","date_gmt":"2021-08-06T23:04:02","guid":{"rendered":"https:\/\/elansaintais.asso.fr\/?page_id=98"},"modified":"2023-08-28T11:05:52","modified_gmt":"2023-08-28T09:05:52","slug":"statuts","status":"publish","type":"page","link":"https:\/\/elansaintais.asso.fr\/blog\/statuts\/","title":{"rendered":"Statuts"},"content":{"rendered":"\n<p>Les statuts d\u00e9pos\u00e9s le 13 F\u00e9vrier 1978 \u00e0 la sous-pr\u00e9fecture de Saintes et modif\u00e9s le 3 D\u00e9cembre 1999 d\u00e9finissent les r\u00f4les et pouvoirs de l&rsquo;association.<\/p>\n\n\n\n<div data-wp-interactive=\"core\/file\" class=\"wp-block-file\"><object data-wp-bind--hidden=\"!state.hasPdfPreview\" hidden class=\"wp-block-file__embed\" data=\"https:\/\/elansaintais.asso.fr\/blog\/wp-content\/uploads\/2023\/08\/les-statuts-elan-saintais.pdf\" type=\"application\/pdf\" style=\"width:100%;height:600px\" aria-label=\"Contenu embarqu\u00e9 les-statuts-elan-saintais.\"><\/object><a id=\"wp-block-file--media-b8081fc2-3fe8-484a-9dcb-66d75031617a\" href=\"https:\/\/elansaintais.asso.fr\/blog\/wp-content\/uploads\/2023\/08\/les-statuts-elan-saintais.pdf\">les-statuts-elan-saintais<\/a><a href=\"https:\/\/elansaintais.asso.fr\/blog\/wp-content\/uploads\/2023\/08\/les-statuts-elan-saintais.pdf\" class=\"wp-block-file__button wp-element-button\" download aria-describedby=\"wp-block-file--media-b8081fc2-3fe8-484a-9dcb-66d75031617a\">T\u00e9l\u00e9charger<\/a><\/div>\n","protected":false},"excerpt":{"rendered":"<p>Les statuts d\u00e9pos\u00e9s le 13 F\u00e9vrier 1978 \u00e0 la sous-pr\u00e9fecture de Saintes et modif\u00e9s le 3 D\u00e9cembre 1999 d\u00e9finissent les r\u00f4les et pouvoirs de l&rsquo;association.<\/p>\n","protected":false},"author":2,"featured_media":0,"parent":0,"menu_order":0,"comment_status":"closed","ping_status":"closed","template":"","meta":{"footnotes":""},"class_list":["post-98","page","type-page","status-publish","hentry"],"_links":{"self":[{"href":"https:\/\/elansaintais.asso.fr\/blog\/wp-json\/wp\/v2\/pages\/98","targetHints":{"allow":["GET"]}}],"collection":[{"href":"https:\/\/elansaintais.asso.fr\/blog\/wp-json\/wp\/v2\/pages"}],"about":[{"href":"https:\/\/elansaintais.asso.fr\/blog\/wp-json\/wp\/v2\/types\/page"}],"author":[{"embeddable":true,"href":"https:\/\/elansaintais.asso.fr\/blog\/wp-json\/wp\/v2\/users\/2"}],"replies":[{"embeddable":true,"href":"https:\/\/elansaintais.asso.fr\/blog\/wp-json\/wp\/v2\/comments?post=98"}],"version-history":[{"count":1,"href":"https:\/\/elansaintais.asso.fr\/blog\/wp-json\/wp\/v2\/pages\/98\/revisions"}],"predecessor-version":[{"id":1734,"href":"https:\/\/elansaintais.asso.fr\/blog\/wp-json\/wp\/v2\/pages\/98\/revisions\/1734"}],"wp:attachment":[{"href":"https:\/\/elansaintais.asso.fr\/blog\/wp-json\/wp\/v2\/media?parent=98"}],"curies":[{"name":"wp","href":"https:\/\/api.w.org\/{rel}","templated":true}]}}